{"id":370775,"date":"2025-01-13T14:27:00","date_gmt":"2025-01-13T13:27:00","guid":{"rendered":"https:\/\/development.oekologisches-kinderhaus.de\/?page_id=370775"},"modified":"2026-03-20T16:37:41","modified_gmt":"2026-03-20T15:37:41","slug":"startseite","status":"publish","type":"page","link":"https:\/\/development.oekologisches-kinderhaus.de\/","title":{"rendered":"Startseite"},"content":{"rendered":"<p>[et_pb_section fb_built=&#8220;1&#8243; _builder_version=&#8220;4.27.5&#8243; _module_preset=&#8220;default&#8220; background_image=&#8220;https:\/\/development.oekologisches-kinderhaus.de\/wp-content\/uploads\/2026\/02\/OKKH_Winter.webp&#8220; min_height=&#8220;300px&#8220; global_colors_info=&#8220;{}&#8220;][\/et_pb_section][et_pb_section fb_built=&#8220;1&#8243; _builder_version=&#8220;4.27.4&#8243; _module_preset=&#8220;default&#8220; global_colors_info=&#8220;{}&#8220;][et_pb_row _builder_version=&#8220;4.27.4&#8243; _module_preset=&#8220;default&#8220; global_colors_info=&#8220;{}&#8220;][et_pb_column type=&#8220;4_4&#8243; _builder_version=&#8220;4.27.4&#8243; _module_preset=&#8220;default&#8220; global_colors_info=&#8220;{}&#8220;][et_pb_text _builder_version=&#8220;4.27.5&#8243; _module_preset=&#8220;default&#8220; header_font=&#8220;Luckiest Guy||||||||&#8220; header_text_color=&#8220;#ADDF05&#8243; global_colors_info=&#8220;{}&#8220;]<\/p>\n<h1 style=\"text-align: center;\">Willkommen!<\/h1>\n<p style=\"text-align: center;\">Im Herzen von Dresden-Kleinzschachwitz, unweit der ruhigen Elbwiesen liegt unser sch\u00f6nes Kinderhaus. Auf unserer Webseite erfahren Sie alles \u00fcber den Alltag in unserer Einrichtung und wie wir Ihre Kinder auf das weitere Leben vorbereiten.<\/p>\n<p>[\/et_pb_text][\/et_pb_column][\/et_pb_row][et_pb_row _builder_version=&#8220;4.27.5&#8243; _module_preset=&#8220;default&#8220; hover_enabled=&#8220;0&#8243; global_colors_info=&#8220;{}&#8220; sticky_enabled=&#8220;0&#8243;][et_pb_column type=&#8220;4_4&#8243; _builder_version=&#8220;4.27.5&#8243; _module_preset=&#8220;default&#8220; global_colors_info=&#8220;{}&#8220;][dipi_advanced_tabs _builder_version=&#8220;4.27.5&#8243; _module_preset=&#8220;default&#8220; activate_on_hover=&#8220;on&#8220; tabs_item_bg_color=&#8220;RGBA(255,255,255,0)&#8220; tabs_item_bg_enable_color=&#8220;on&#8220; hover_enabled=&#8220;0&#8243; sticky_enabled=&#8220;0&#8243; tabs_item_active_bg_color=&#8220;#BFE349&#8243; tabs_item_active_bg_enable_color=&#8220;on&#8220; use_scroll_to_content=&#8220;off&#8220; content_vertical_align=&#8220;center&#8220;][dipi_advanced_tabs_item _builder_version=&#8220;4.27.5&#8243; _module_preset=&#8220;default&#8220; title_text=&#8220;DSCF1568&#8243; tab_image=&#8220;http:\/\/development.oekologisches-kinderhaus.de\/wp-content\/uploads\/2026\/03\/01_Werkstaetten.png&#8220; hover_enabled=&#8220;0&#8243; sticky_enabled=&#8220;0&#8243; title=&#8220;Zusammen Wachsen&#8220; tab_image_placement=&#8220;top&#8220; use_button=&#8220;on&#8220; admin_label=&#8220;Zusammen Wachsen&#8220; at_button_text=&#8220;Mehr&#8230;&#8220; image=&#8220;http:\/\/development.oekologisches-kinderhaus.de\/wp-content\/uploads\/2026\/03\/DSCF1568.jpg&#8220; content_image_align=&#8220;end&#8220; img_placement=&#8220;row-reverse&#8220; img_container_width=&#8220;30%&#8220;]<\/p>\n<p data-pm-slice=\"1 1 []\">Wie in einer gro\u00dfen Familie lernen wir bei uns Hand in Hand. \u201eZusammen wachsen\u201c bedeutet f\u00fcr uns, dass die Neugier der J\u00fcngeren auf die Erfahrung der \u00c4lteren trifft. In unseren offenen Spielbereichen entstehen Freundschaften \u00fcber Altersgrenzen hinweg, die den Horizont erweitern und den Zusammenhalt festigen.<\/p>\n<p data-pm-slice=\"1 1 []\"><strong>Klicken Sie hier f\u00fcr Details zu unserem p\u00e4dagogischen Weg des gemeinsamen Wachsens.<\/strong><\/p>\n<p>[\/dipi_advanced_tabs_item][dipi_advanced_tabs_item _builder_version=&#8220;4.27.5&#8243; _module_preset=&#8220;58778877-c105-4743-8f08-bedf2857f53d&#8220; title_text=&#8220;DSCF1969&#8243; tab_image=&#8220;http:\/\/development.oekologisches-kinderhaus.de\/wp-content\/uploads\/2026\/03\/02_Anbauen.png&#8220; hover_enabled=&#8220;0&#8243; sticky_enabled=&#8220;0&#8243; tab_image_placement=&#8220;top&#8220; use_button=&#8220;on&#8220; admin_label=&#8220;Drau\u00dfen Leben&#8220; img_placement=&#8220;row-reverse&#8220; img_container_width=&#8220;30%&#8220; image=&#8220;http:\/\/development.oekologisches-kinderhaus.de\/wp-content\/uploads\/2026\/03\/DSCF1969.jpg&#8220;]<\/p>\n<p>Matschhosen an und los! Unser Au\u00dfengel\u00e4nde ist mehr als nur ein Spielplatz \u2013 es ist ein lebendiger Lernort. Wir verbringen jeden Tag so viel Zeit wie m\u00f6glich an der frischen Luft, um gemeinsam die Wunder der Natur zu entdecken, zu klettern und die Jahreszeiten mit allen Sinnen zu begreifen. Erfahren Sie hier mehr dar\u00fcber, wie wir den Entdeckergeist Ihrer Kinder im Freien f\u00f6rdern.<\/p>\n<p data-pm-slice=\"1 1 []\"><strong>Erfahren Sie hier mehr dar\u00fcber, wie wir den Entdeckergeist Ihrer Kinder im Freien f\u00f6rdern.<\/strong><\/p>\n<p>[\/dipi_advanced_tabs_item][dipi_advanced_tabs_item _builder_version=&#8220;4.27.5&#8243; _module_preset=&#8220;default&#8220; title_text=&#8220;05_Singegruppe&#8220; tab_image=&#8220;http:\/\/development.oekologisches-kinderhaus.de\/wp-content\/uploads\/2026\/03\/05_Singegruppe.png&#8220; hover_enabled=&#8220;0&#8243; sticky_enabled=&#8220;0&#8243; title=&#8220;Kreativ sein&#8220; tab_image_placement=&#8220;top&#8220; use_button=&#8220;on&#8220; admin_label=&#8220;Kreativ sein&#8220;]<\/p>\n<p>TESAGTAEDGAEGSDG<\/p>\n<p>[\/dipi_advanced_tabs_item][dipi_advanced_tabs_item _builder_version=&#8220;4.27.5&#8243; _module_preset=&#8220;default&#8220; title_text=&#8220;04_Tiere&#8220; tab_image=&#8220;http:\/\/development.oekologisches-kinderhaus.de\/wp-content\/uploads\/2026\/03\/04_Tiere.png&#8220; hover_enabled=&#8220;0&#8243; sticky_enabled=&#8220;0&#8243; title=&#8220;Umwelt verstehen&#8220; tab_image_placement=&#8220;top&#8220; use_button=&#8220;on&#8220; admin_label=&#8220;Umwelt verstehen&#8220;]<\/p>\n<p>TESAGTAEDGAEGSDG<\/p>\n<p>[\/dipi_advanced_tabs_item][dipi_advanced_tabs_item _builder_version=&#8220;4.27.5&#8243; _module_preset=&#8220;default&#8220; title_text=&#8220;03_Umweltgruppe&#8220; tab_image=&#8220;http:\/\/development.oekologisches-kinderhaus.de\/wp-content\/uploads\/2026\/03\/03_Umweltgruppe.png&#8220; hover_enabled=&#8220;0&#8243; sticky_enabled=&#8220;0&#8243; title=&#8220;Abenteuer unterwegs&#8220; tab_image_placement=&#8220;top&#8220; use_button=&#8220;on&#8220; admin_label=&#8220;Abenteuer unterwegs&#8220;]<\/p>\n<p>TESAGTAEDGAEGSDG<\/p>\n<p>[\/dipi_advanced_tabs_item][\/dipi_advanced_tabs][\/et_pb_column][\/et_pb_row][et_pb_row _builder_version=&#8220;4.27.5&#8243; _module_preset=&#8220;default&#8220; global_colors_info=&#8220;{}&#8220;][et_pb_column type=&#8220;4_4&#8243; _builder_version=&#8220;4.27.5&#8243; _module_preset=&#8220;default&#8220; global_colors_info=&#8220;{}&#8220;][et_pb_image src=&#8220;https:\/\/development.oekologisches-kinderhaus.de\/wp-content\/uploads\/2026\/03\/Thumb_Rundgang-1024&#215;285.png&#8220; title_text=&#8220;Thumb_Rundgang&#8220; force_fullwidth=&#8220;on&#8220; _builder_version=&#8220;4.27.5&#8243; _module_preset=&#8220;default&#8220; global_colors_info=&#8220;{}&#8220;][\/et_pb_image][\/et_pb_column][\/et_pb_row][et_pb_row _builder_version=&#8220;4.27.5&#8243; _module_preset=&#8220;default&#8220;][et_pb_column _builder_version=&#8220;4.27.5&#8243; _module_preset=&#8220;default&#8220; type=&#8220;4_4&#8243;][dipi_blog_slider _builder_version=&#8220;4.27.5&#8243; _module_preset=&#8220;default&#8220; hover_enabled=&#8220;0&#8243; sticky_enabled=&#8220;0&#8243;][\/dipi_blog_slider][\/et_pb_column][\/et_pb_row][\/et_pb_section]<\/p>\n","protected":false},"excerpt":{"rendered":"<p>Willkommen! Im Herzen von Dresden-Kleinzschachwitz, unweit der ruhigen Elbwiesen liegt unser sch\u00f6nes Kinderhaus. Auf unserer Webseite erfahren Sie alles \u00fcber den Alltag in unserer Einrichtung und wie wir Ihre Kinder auf das weitere Leben vorbereiten.<div class=\"et_pb_module dipi_advanced_tabs dipi_advanced_tabs_0\">\n\t\t\t\t\n\t\t\t\t\n\t\t\t\t\n\t\t\t\t\n\t\t\t\t\n\t\t\t\t\n\t\t\t\t<div class=\"et_pb_module_inner\">\n\t\t\t\t\t<div class=\"dipi-advanced-tabs dipi-at-container dipi-advanced-tabs-front\"  data-tab_animation=\"none\" data-animation_duration=\"300\" data-activate_on_hover=\"on\" data-activate_first_tab_as_placeholder=\"on\" data-use_sticky_tabs=\"\" data-use_scroll_to_content=\"{&quot;desktop&quot;:&quot;off&quot;,&quot;tablet&quot;:&quot;off&quot;,&quot;phone&quot;:&quot;off&quot;}\" data-scroll_to_content_offset=\"{&quot;desktop&quot;:&quot;0px&quot;,&quot;tablet&quot;:&quot;0px&quot;,&quot;phone&quot;:&quot;0px&quot;}\" data-ts_navigation_vertical_position=\"{&quot;desktop&quot;:&quot;50&quot;,&quot;tablet&quot;:&quot;50&quot;,&quot;phone&quot;:&quot;50&quot;}\" data-ts_navigation_horizontal_position=\"{&quot;desktop&quot;:&quot;0&quot;,&quot;tablet&quot;:&quot;0&quot;,&quot;phone&quot;:&quot;0&quot;}\" data-sticky_distance=\"55px\" data-sticky_distance_tablet=\"55px\" data-sticky_distance_phone=\"\" data-admin_bar_space=\"\" data-turn_off_sticky=\"none\" data-module_class=\"dipi_advanced_tabs_0\" data-default_tab=\"0\">\n                    <div class=\"dipi-at-tabs-container \" data-slider=''   >\n                        <div class=\"dipi-at-tabs has-arrow arrow-place-top arrow-allign-start\"><\/div>\n                    <\/div>\n                    <div class=\"dipi-at-panels\"><\/div>\n                <\/div>\n\t\t\t\t<\/div>\n\t\t\t<\/div><div class=\"et_pb_module dipi_advanced_tabs_item dipi_advanced_tabs_item_0\">\n\t\t\t\t\n\t\t\t\t\n\t\t\t\t\n\t\t\t\t\n\t\t\t\t\n\t\t\t\t\n\t\t\t\t<div class=\"et_pb_module_inner\">\n\t\t\t\t\t<div class=\"dipi-at-panel\"><div class=\"dipi-at-panel-content\" data-imgplacement-desktop=\"column\" data-imgplacement-tablet=\"column\" data-imgplacement-phone=\"column\">\n                    <img decoding=\"async\" class=\"dipi-at-panel-image\" src=\"http:\/\/development.oekologisches-kinderhaus.de\/wp-content\/uploads\/2026\/03\/DSCF2089.jpg\" alt=\"\" \/>\n                    <div class=\"dipi-at-panel-text\">\n                     \n                    <\/div>\n                <\/div><\/div>\n\t\t\t\t<\/div>\n\t\t\t<\/div><\/p>\n","protected":false},"author":1,"featured_media":0,"parent":0,"menu_order":0,"comment_status":"closed","ping_status":"closed","template":"","meta":{"_et_pb_use_builder":"on","_et_pb_old_content":"","_et_gb_content_width":"","footnotes":""},"dipi_cpt_category":[],"class_list":["post-370775","page","type-page","status-publish","hentry"],"_links":{"self":[{"href":"https:\/\/development.oekologisches-kinderhaus.de\/index.php?rest_route=\/wp\/v2\/pages\/370775","targetHints":{"allow":["GET"]}}],"collection":[{"href":"https:\/\/development.oekologisches-kinderhaus.de\/index.php?rest_route=\/wp\/v2\/pages"}],"about":[{"href":"https:\/\/development.oekologisches-kinderhaus.de\/index.php?rest_route=\/wp\/v2\/types\/page"}],"author":[{"embeddable":true,"href":"https:\/\/development.oekologisches-kinderhaus.de\/index.php?rest_route=\/wp\/v2\/users\/1"}],"replies":[{"embeddable":true,"href":"https:\/\/development.oekologisches-kinderhaus.de\/index.php?rest_route=%2Fwp%2Fv2%2Fcomments&post=370775"}],"version-history":[{"count":7,"href":"https:\/\/development.oekologisches-kinderhaus.de\/index.php?rest_route=\/wp\/v2\/pages\/370775\/revisions"}],"predecessor-version":[{"id":371520,"href":"https:\/\/development.oekologisches-kinderhaus.de\/index.php?rest_route=\/wp\/v2\/pages\/370775\/revisions\/371520"}],"wp:attachment":[{"href":"https:\/\/development.oekologisches-kinderhaus.de\/index.php?rest_route=%2Fwp%2Fv2%2Fmedia&parent=370775"}],"wp:term":[{"taxonomy":"dipi_cpt_category","embeddable":true,"href":"https:\/\/development.oekologisches-kinderhaus.de\/index.php?rest_route=%2Fwp%2Fv2%2Fdipi_cpt_category&post=370775"}],"curies":[{"name":"wp","href":"https:\/\/api.w.org\/{rel}","templated":true}]}}